{"id":74,"date":"2025-02-15T13:44:53","date_gmt":"2025-02-15T13:44:53","guid":{"rendered":"https:\/\/mkeet.com\/?page_id=74"},"modified":"2025-02-16T15:02:12","modified_gmt":"2025-02-16T15:02:12","slug":"the-what-and-how-of-modelling","status":"publish","type":"page","link":"https:\/\/mkeet.com\/?page_id=74","title":{"rendered":"The What and How of Modelling"},"content":{"rendered":"<div class=\"wp-block-image\">\n<figure class=\"alignleft size-full is-resized\"><img loading=\"lazy\" decoding=\"async\" width=\"552\" height=\"830\" src=\"https:\/\/mkeet.com\/wp-content\/uploads\/2025\/02\/ModellingCover.png\" alt=\"\" class=\"wp-image-7\" style=\"width:224px;height:auto\" srcset=\"https:\/\/mkeet.com\/wp-content\/uploads\/2025\/02\/ModellingCover.png 552w, https:\/\/mkeet.com\/wp-content\/uploads\/2025\/02\/ModellingCover-200x300.png 200w, https:\/\/mkeet.com\/wp-content\/uploads\/2025\/02\/ModellingCover-300x451.png 300w\" sizes=\"auto, (max-width: 552px) 100vw, 552px\" \/><\/figure>\n<\/div>\n\n\n<p><em><strong>The what and how of modelling information and knowledge &#8212; from Mind Maps to Ontologies<\/strong><\/em><\/p>\n\n\n\n<p>Published by Springer in 2023. ISBN-10: 3031396944; ISBN-13: 978-3031396946<\/p>\n\n\n\n<p>This book:<\/p>\n\n\n\n<p>1) Introduces models and modelling processes to improve analytical skills and precision;<\/p>\n\n\n\n<p>2) Describes and compares five modelling approaches: mind-maps, models in biology, conceptual data models, ontologies, and ontology;<\/p>\n\n\n\n<p>3) Aims at readers looking for a digestible introduction to information modelling and knowledge representation.<\/p>\n\n\n\n<p><strong>Aims and content<\/strong><br><br>The main aim of this book is to introduce a group of models and modelling of information and knowledge comprehensibly. Such models and the processes for how to create them help to improve the skills to analyse and structure thoughts and ideas, to become more precise, to gain a deeper understanding of the matter being modelled, and to assist with specific tasks where modelling helps, such as reading comprehension and summarisation of text. It draws ideas and transferrable approaches from the plethora of types of models and the methods, techniques, tools, procedures, and methodologies to create them in computer science.<br><br>This book covers five principal declarative modelling approaches to model information and knowledge for different, yet related, purposes. It starts with entry-level mind mapping, to proceed to biological models and diagrams, onward to conceptual data models in software development, and from there to ontologies in artificial intelligence and all the way to ontology in philosophy. Each successive chapter about a type of model solves limitations of the preceding one and turns up the analytical skills a notch. These what-and-how for each type of model is followed by an integrative chapter that ties them together, comparing their strengths and key characteristics, ethics in modelling, and how to design a modelling language. In so doing, we\u2019ll address key questions such as: what type of models are there? How do you build one? What can you do with a model? Which type of model is best for what purpose? Why do all that modelling?<br><br><strong>Intended audience<\/strong><br><br>The intended audience for this book is professionals, students, and academics in disciplines where systematic information modelling and knowledge representation is much less common than in computing, such as in commerce, biology, law, and humanities. And if a computer science student or a software developer needs a quick refresher on conceptual data models or a short solid overview of ontologies, then this book will serve them well.<\/p>\n\n\n\n<p><strong>Where to buy it<\/strong><br><br>Currently, it is available as hardcopy and ebook from various online stores, among others: the publisher <a href=\"https:\/\/link.springer.com\/book\/10.1007\/978-3-031-39695-3\">Springer<\/a> or <a href=\"https:\/\/www.springerprofessional.de\/en\/the-what-and-how-of-modelling-information-and-knowledge\/26318524\">Springer Professional<\/a>, many national online bookstores, such as <a href=\"https:\/\/www.bol.com\/nl\/nl\/p\/the-what-and-how-of-modelling-information-and-knowledge\/9300000153739357\/\">bol<\/a>, <a href=\"https:\/\/www.booktopia.com.au\/the-what-and-how-of-modelling-information-and-knowledge-c-maria-keet\/book\/9783031396946.html\">booktopia<\/a>, and <a href=\"https:\/\/www.indigo.ca\/fr-ca\/the-what-and-how-of-modelling-information-and-knowledge-from-mind-maps-to-ontologies\/9783031396946.html\">indigo<\/a>, and Amazon <a href=\"https:\/\/www.amazon.com\/What-How-Modelling-Information-Knowledge\/dp\/3031396944\">.com<\/a> (or as <a href=\"https:\/\/www.amazon.com\/What-How-Modelling-Information-Knowledge-ebook\/dp\/B0CDP5KXT7\">ebook<\/a>) and on their country-specific sites, such as <a href=\"https:\/\/www.amazon.co.uk\/What-How-Modelling-Information-Knowledge-ebook\/dp\/B0CDP5KXT7\/\">.uk<\/a>, <a href=\"https:\/\/www.amazon.de\/What-How-Modelling-Information-Knowledge-ebook\/dp\/B0CDP5KXT7\/\">.de<\/a> etc.<\/p>\n\n\n\n<p>More information, reviews, supplementary material etc., are available from the academic page of the book: <a href=\"http:\/\/www.meteck.org\/modellingbook\/index.html\">http:\/\/www.meteck.org\/modellingbook\/index.html<\/a>.<\/p>\n\n\n\n<h4 class=\"wp-block-heading\">Reviews and endorsements<\/h4>\n\n\n\n<blockquote class=\"wp-block-quote is-layout-flow wp-block-quote-is-layout-flow\">\n<p>&#8220;The book describes \u2013 in excellent style and appropriate framing and leveling &#8211; five principal declarative modelling approaches to model information and knowledge for different, yet related, purposes.&#8221;<br><br>&#8220;The book is rich on good advice going down a couple of levels, also on the complicated matters. You will learn about how-to as well as why.&#8221;<br>\u00a0\u00a0\u00a0\u00a0\u00a0\u00a0\u00a0\u00a0\u00a0\u00a0\u00a0\u00a0&#8212;&#8212;<br><a href=\"https:\/\/www.linkedin.com\/in\/thomas-frisendal-19a56a\/\">Thomas Frisendal<\/a><br>Graph Data Architect, Visual Data Modeler and GQL committee member<br>Full review posted on LinkedIn as <a href=\"https:\/\/www.linkedin.com\/pulse\/interesting-new-book-modeling-data-information-thomas-frisendal-g8xfc%3FtrackingId=seIloupgQW2ifKh%252BPInCMA%253D%253D\/?trackingId=seIloupgQW2ifKh%2BPInCMA%3D%3D\">Interesting New Book on Modeling of Data and Information<\/a><\/p>\n<\/blockquote>\n\n\n\n<p class=\"has-text-align-center\">~~<\/p>\n\n\n\n<blockquote class=\"wp-block-quote is-layout-flow wp-block-quote-is-layout-flow\">\n<p>&#8220;a fascinating journey through the art and science of modeling&#8221;<br>\u00a0\u00a0\u00a0\u00a0\u00a0\u00a0\u00a0\u00a0\u00a0\u00a0\u00a0\u00a0&#8212;&#8212;<br><a href=\"https:\/\/www.teodorapetkova.com\/\">Teodora Petkova<\/a><br>Content Writer at Ontotext and Philologist with a PhD in Marketing Communications<br><a href=\"https:\/\/www.goodreads.com\/review\/show\/6916716996\">Short review on Goodreads<\/a>; see also her long review <a href=\"https:\/\/www.teodorapetkova.com\/intertextuality\/lemonade-and-lyrebirds-for-thought-maria-keets-the-what-and-how-of-modelling-information-and-knowledge\/\">Lemonade and Lyrebirds For Thought<\/a> on her website<\/p>\n<\/blockquote>\n\n\n\n<p class=\"has-text-align-center\">~~<\/p>\n\n\n\n<blockquote class=\"wp-block-quote is-layout-flow wp-block-quote-is-layout-flow\">\n<p>&#8220;This book is highly recommended for people with any level of expertise, from novices (as the book is not too technical to scare you away) to advanced modellers (the book is not oversimplified either). If you are new to the topic of modelling, then the book will help you create your modeller mindset.&#8221;<br>\u00a0\u00a0\u00a0\u00a0\u00a0\u00a0\u00a0\u00a0\u00a0\u00a0\u00a0\u00a0&#8212;&#8212;<br><a href=\"https:\/\/cbernabe.com\/\">C\u00e9sar Bernab\u00e9<\/a><br>PhD candidate in the Biosemantics group at Leiden University Medical Centre<br>Full review posted on his blog as <a href=\"https:\/\/cbernabe.com\/blog\/2024\/mkbook\/\">A must-read for those interested in (conceptual) modelling!<\/a><\/p>\n<\/blockquote>\n\n\n\n<p class=\"has-text-align-center\">~~<\/p>\n\n\n\n<blockquote class=\"wp-block-quote is-layout-flow wp-block-quote-is-layout-flow\">\n<p>&#8220;The most appealing for me is Maria\u2019s riveting writing and also her deep knowledge being trasnfered through examples and bit by bit, evey step building on the previous one. Maria does have a nack for explaining complex stuff very methodically grounding it in theoretical knowledge without overwhelming the readers. Things are presented in layers do that you can choose how deep you want to go down the rabbit whole. And there are rabbit holes \ud83d\ude42 But modelled. \ud83d\ude42 with elaborate care.&#8221;<br>\u00a0\u00a0\u00a0\u00a0\u00a0\u00a0\u00a0\u00a0\u00a0\u00a0\u00a0\u00a0&#8212;&#8212;-<br><a href=\"\">Teodora Petkova<\/a><br>Content writer and semantic medatada specialist with Ontotext<br>More preliminary review comments posted on <a href=\"https:\/\/www.linkedin.com\/posts\/theodora-petkova_a-cabinet-of-knowledge-modeling-curiosities-activity-7188457408409571329-dLon\">LinkedIn<\/a><\/p>\n<\/blockquote>\n\n\n\n<p class=\"has-text-align-center\">~~<\/p>\n\n\n\n<blockquote class=\"wp-block-quote is-layout-flow wp-block-quote-is-layout-flow\">\n<p>&#8220;Trata-se de um bom livro, principalmente se voc\u00ea gosta de receber informa\u00e7\u00e3o contextualizada, o que \u00e9 uma preocupa\u00e7\u00e3o da autora ao londo de toda obra.&#8221;<br>\u00a0\u00a0\u00a0\u00a0\u00a0\u00a0\u00a0\u00a0\u00a0\u00a0\u00a0\u00a0&#8212;&#8212;<br><a href=\"https:\/\/mba.eci.ufmg.br\/english\/\">Mauricio B. Almeida<\/a><br>Full professor at the Federal University of Minas Gerais<br>An <a href=\"https:\/\/www.amazon.co.uk\/What-How-Modelling-Information-Knowledge-ebook\/dp\/B0CDP5KXT7#customerReviews\">Amazon review<\/a><\/p>\n<\/blockquote>\n\n\n\n<p class=\"has-text-align-center\">~~<\/p>\n\n\n\n<blockquote class=\"wp-block-quote is-layout-flow wp-block-quote-is-layout-flow\">\n<p>\u201cThe pragmatic and historical approach of this book is of great help in developing a domain modelling framework for the Dutch Public Healthcare.\u201d<br>\u00a0\u00a0\u00a0\u00a0\u00a0\u00a0\u00a0\u00a0\u00a0\u00a0\u00a0\u00a0&#8212;&#8212;<br><a href=\"https:\/\/www.linkedin.com\/in\/holkevisser\/\">Holke Visser<\/a><br>Data architect at Visser Data BV, board member of Enterprise Engineering Institute<br><a href=\"https:\/\/www.linkedin.com\/feed\/update\/urn:li:ugcPost:7150813431481139200?commentUrn=urn%3Ali%3Acomment%3A%28ugcPost%3A7150813431481139200%2C7152310073678073856%29&amp;dashCommentUrn=urn%3Ali%3Afsd_comment%3A%287152310073678073856%2Curn%3Ali%3AugcPost%3A7150813431481139200%29\">Posted on LinkedIn<\/a><\/p>\n<\/blockquote>\n\n\n\n<p class=\"has-text-align-center\">~~<\/p>\n\n\n\n<blockquote class=\"wp-block-quote is-layout-flow wp-block-quote-is-layout-flow\">\n<p>\u201cI like the pragmatic guidance on modelling steps and approaches and the supporting examples, plus what you can and can\u2019t do with different modelling types and how you can enhance readability and understandability of models and make implicit knowledge and inconsistent constructs in models visible, such that you can improve the quality of your models.\u201d<br>\u00a0\u00a0\u00a0\u00a0\u00a0\u00a0\u00a0\u00a0\u00a0\u00a0\u00a0\u00a0&#8212;&#8212;-<br><a href=\"https:\/\/www.linkedin.com\/in\/pietervaneverdingen\/\">Pieter van Everdingen<\/a><br>Enterprise &amp; Information Architect at OpenInc<br><a href=\"https:\/\/www.linkedin.com\/feed\/update\/urn:li:activity:7132259621569724416?commentUrn=urn%3Ali%3Acomment%3A%28activity%3A7132259621569724416%2C7148352533206351872%29&amp;dashCommentUrn=urn%3Ali%3Afsd_comment%3A%287148352533206351872%2Curn%3Ali%3Aactivity%3A7132259621569724416%29\">Posted on LinkedIn<\/a><\/p>\n<\/blockquote>\n\n\n\n<p class=\"has-text-align-center\">~~<\/p>\n\n\n\n<blockquote class=\"wp-block-quote is-layout-flow wp-block-quote-is-layout-flow\">\n<p>\u201cI\u2019ve enjoyed reading your book,&#8221; &#8220;There are many non-IT specialties across an organization that can benefit from a broad understanding of mapping, without having to understand the intricacies of formal modelling languages.\u201d<br>\u00a0\u00a0\u00a0\u00a0\u00a0\u00a0\u00a0\u00a0\u00a0\u00a0\u00a0\u00a0&#8212;&#8212;-<br><a href=\"https:\/\/www.linkedin.com\/in\/bfillip\/\">Barbara Fillip, Ph.D., PMP<\/a><br>Senior Advisor, Knowledge Management at Chemonics International<br><a href=\"https:\/\/www.linkedin.com\/feed\/update\/urn:li:activity:7160672026234437633?commentUrn=urn%3Ali%3Acomment%3A%28activity%3A7160672026234437633%2C7160748936641544193%29&amp;dashCommentUrn=urn%3Ali%3Afsd_comment%3A%287160748936641544193%2Curn%3Ali%3Aactivity%3A7160672026234437633%29\">Posted on LinkedIn<\/a><br><\/p>\n<\/blockquote>\n\n\n\n<p><\/p>\n","protected":false},"excerpt":{"rendered":"<p>The what and how of modelling information and knowledge &#8212; from Mind Maps to Ontologies Published by Springer in 2023. ISBN-10: 3031396944; ISBN-13: 978-3031396946 This book: 1) Introduces models and modelling processes to improve analytical skills and precision; 2) Describes and compares five modelling approaches: mind-maps, models in biology, conceptual data models, ontologies, and ontology; [&hellip;]<\/p>\n","protected":false},"author":1,"featured_media":0,"parent":22,"menu_order":0,"comment_status":"closed","ping_status":"closed","template":"","meta":{"footnotes":""},"class_list":["post-74","page","type-page","status-publish","hentry"],"_links":{"self":[{"href":"https:\/\/mkeet.com\/index.php?rest_route=\/wp\/v2\/pages\/74","targetHints":{"allow":["GET"]}}],"collection":[{"href":"https:\/\/mkeet.com\/index.php?rest_route=\/wp\/v2\/pages"}],"about":[{"href":"https:\/\/mkeet.com\/index.php?rest_route=\/wp\/v2\/types\/page"}],"author":[{"embeddable":true,"href":"https:\/\/mkeet.com\/index.php?rest_route=\/wp\/v2\/users\/1"}],"replies":[{"embeddable":true,"href":"https:\/\/mkeet.com\/index.php?rest_route=%2Fwp%2Fv2%2Fcomments&post=74"}],"version-history":[{"count":23,"href":"https:\/\/mkeet.com\/index.php?rest_route=\/wp\/v2\/pages\/74\/revisions"}],"predecessor-version":[{"id":170,"href":"https:\/\/mkeet.com\/index.php?rest_route=\/wp\/v2\/pages\/74\/revisions\/170"}],"up":[{"embeddable":true,"href":"https:\/\/mkeet.com\/index.php?rest_route=\/wp\/v2\/pages\/22"}],"wp:attachment":[{"href":"https:\/\/mkeet.com\/index.php?rest_route=%2Fwp%2Fv2%2Fmedia&parent=74"}],"curies":[{"name":"wp","href":"https:\/\/api.w.org\/{rel}","templated":true}]}}